{"id":7736,"date":"2018-07-06T08:48:45","date_gmt":"2018-07-06T08:48:45","guid":{"rendered":"http:\/\/insightkas.com\/tesekkurler\/"},"modified":"2018-07-06T08:50:28","modified_gmt":"2018-07-06T08:50:28","slug":"tesekkurler","status":"publish","type":"page","link":"http:\/\/insightkas.com\/tr\/tesekkurler\/","title":{"rendered":"Te\u015fekk\u00fcrler"},"content":{"rendered":"\t\t<div data-elementor-type=\"wp-post\" data-elementor-id=\"7736\" class=\"elementor elementor-7736 elementor-bc-flex-widget\">\n\t\t\t\t\t\t<div class=\"elementor-inner\">\n\t\t\t\t<div class=\"elementor-section-wrap\">\n\t\t\t\t\t\t\t\t\t<section class=\"elementor-section elementor-top-section elementor-element elementor-element-d254572 elementor-section-boxed elementor-section-height-default elementor-section-height-default\" data-id=\"d254572\" data-element_type=\"section\">\n\t\t\t\t\t\t<div class=\"elementor-container elementor-column-gap-default\">\n\t\t\t\t\t\t\t<div class=\"elementor-row\">\n\t\t\t\t\t<div class=\"elementor-column elementor-col-100 elementor-top-column elementor-element elementor-element-4e3d6f6\" data-id=\"4e3d6f6\" data-element_type=\"column\">\n\t\t\t<div class=\"elementor-column-wrap elementor-element-populated\">\n\t\t\t\t\t\t\t<div class=\"elementor-widget-wrap\">\n\t\t\t\t\t\t<div class=\"elementor-element elementor-element-7df04f3 elementor-widget elementor-widget-text-editor\" data-id=\"7df04f3\" data-element_type=\"widget\" data-widget_type=\"text-editor.default\">\n\t\t\t\t<div class=\"elementor-widget-container\">\n\t\t\t\t\t\t\t\t<div class=\"elementor-text-editor elementor-clearfix\">\n\t\t\t\tE-posta listemize kay\u0131t oldu\u011funuz i\u00e7in te\u015fekk\u00fcrler!\t\t\t\t\t<\/div>\n\t\t\t\t\t\t<\/div>\n\t\t\t\t<\/div>\n\t\t\t\t<div class=\"elementor-element elementor-element-3def37e elementor-widget elementor-widget-spacer\" data-id=\"3def37e\" data-element_type=\"widget\" data-widget_type=\"spacer.default\">\n\t\t\t\t<div class=\"elementor-widget-container\">\n\t\t\t\t\t<div class=\"elementor-spacer\">\n\t\t\t<div class=\"elementor-spacer-inner\"><\/div>\n\t\t<\/div>\n\t\t\t\t<\/div>\n\t\t\t\t<\/div>\n\t\t\t\t\t\t<\/div>\n\t\t\t\t\t<\/div>\n\t\t<\/div>\n\t\t\t\t\t\t\t\t<\/div>\n\t\t\t\t\t<\/div>\n\t\t<\/section>\n\t\t\t\t\t\t\t\t\t<\/div>\n\t\t\t<\/div>\n\t\t\t\t\t<\/div>\n\t\t","protected":false},"excerpt":{"rendered":"","protected":false},"author":1,"featured_media":0,"parent":0,"menu_order":7,"comment_status":"closed","ping_status":"closed","template":"","meta":{"footnotes":""},"yoast_head":"<!-- This site is optimized with the Yoast SEO plugin v20.1 - https:\/\/yoast.com\/wordpress\/plugins\/seo\/ -->\n<title>Te\u015fekk\u00fcrler - InSight Ka\u015f<\/title>\n<meta name=\"robots\" content=\"index, follow, max-snippet:-1, max-image-preview:large, max-video-preview:-1\" \/>\n<link rel=\"canonical\" href=\"http:\/\/insightkas.com\/tr\/tesekkurler\/\" \/>\n<meta property=\"og:locale\" content=\"tr_TR\" \/>\n<meta property=\"og:type\" content=\"article\" \/>\n<meta property=\"og:title\" content=\"Te\u015fekk\u00fcrler - InSight Ka\u015f\" \/>\n<meta property=\"og:url\" content=\"http:\/\/insightkas.com\/tr\/tesekkurler\/\" \/>\n<meta property=\"og:site_name\" content=\"InSight Ka\u015f\" \/>\n<meta property=\"article:modified_time\" content=\"2018-07-06T08:50:28+00:00\" \/>\n<meta name=\"twitter:card\" content=\"summary_large_image\" \/>\n<script type=\"application\/ld+json\" class=\"yoast-schema-graph\">{\"@context\":\"https:\/\/schema.org\",\"@graph\":[{\"@type\":\"WebPage\",\"@id\":\"http:\/\/insightkas.com\/tr\/tesekkurler\/\",\"url\":\"http:\/\/insightkas.com\/tr\/tesekkurler\/\",\"name\":\"Te\u015fekk\u00fcrler - InSight Ka\u015f\",\"isPartOf\":{\"@id\":\"https:\/\/insightkas.com\/#website\"},\"datePublished\":\"2018-07-06T08:48:45+00:00\",\"dateModified\":\"2018-07-06T08:50:28+00:00\",\"breadcrumb\":{\"@id\":\"http:\/\/insightkas.com\/tr\/tesekkurler\/#breadcrumb\"},\"inLanguage\":\"tr\",\"potentialAction\":[{\"@type\":\"ReadAction\",\"target\":[\"http:\/\/insightkas.com\/tr\/tesekkurler\/\"]}]},{\"@type\":\"BreadcrumbList\",\"@id\":\"http:\/\/insightkas.com\/tr\/tesekkurler\/#breadcrumb\",\"itemListElement\":[{\"@type\":\"ListItem\",\"position\":1,\"name\":\"Home\",\"item\":\"https:\/\/insightkas.com\/tr\/\"},{\"@type\":\"ListItem\",\"position\":2,\"name\":\"Te\u015fekk\u00fcrler\"}]},{\"@type\":\"WebSite\",\"@id\":\"https:\/\/insightkas.com\/#website\",\"url\":\"https:\/\/insightkas.com\/\",\"name\":\"InSight Ka\u015f\",\"description\":\"Luxury Rental Villas in Kas\",\"potentialAction\":[{\"@type\":\"SearchAction\",\"target\":{\"@type\":\"EntryPoint\",\"urlTemplate\":\"https:\/\/insightkas.com\/?s={search_term_string}\"},\"query-input\":\"required name=search_term_string\"}],\"inLanguage\":\"tr\"}]}<\/script>\n<!-- \/ Yoast SEO plugin. -->","yoast_head_json":{"title":"Te\u015fekk\u00fcrler - InSight Ka\u015f","robots":{"index":"index","follow":"follow","max-snippet":"max-snippet:-1","max-image-preview":"max-image-preview:large","max-video-preview":"max-video-preview:-1"},"canonical":"http:\/\/insightkas.com\/tr\/tesekkurler\/","og_locale":"tr_TR","og_type":"article","og_title":"Te\u015fekk\u00fcrler - InSight Ka\u015f","og_url":"http:\/\/insightkas.com\/tr\/tesekkurler\/","og_site_name":"InSight Ka\u015f","article_modified_time":"2018-07-06T08:50:28+00:00","twitter_card":"summary_large_image","schema":{"@context":"https:\/\/schema.org","@graph":[{"@type":"WebPage","@id":"http:\/\/insightkas.com\/tr\/tesekkurler\/","url":"http:\/\/insightkas.com\/tr\/tesekkurler\/","name":"Te\u015fekk\u00fcrler - InSight Ka\u015f","isPartOf":{"@id":"https:\/\/insightkas.com\/#website"},"datePublished":"2018-07-06T08:48:45+00:00","dateModified":"2018-07-06T08:50:28+00:00","breadcrumb":{"@id":"http:\/\/insightkas.com\/tr\/tesekkurler\/#breadcrumb"},"inLanguage":"tr","potentialAction":[{"@type":"ReadAction","target":["http:\/\/insightkas.com\/tr\/tesekkurler\/"]}]},{"@type":"BreadcrumbList","@id":"http:\/\/insightkas.com\/tr\/tesekkurler\/#breadcrumb","itemListElement":[{"@type":"ListItem","position":1,"name":"Home","item":"https:\/\/insightkas.com\/tr\/"},{"@type":"ListItem","position":2,"name":"Te\u015fekk\u00fcrler"}]},{"@type":"WebSite","@id":"https:\/\/insightkas.com\/#website","url":"https:\/\/insightkas.com\/","name":"InSight Ka\u015f","description":"Luxury Rental Villas in Kas","potentialAction":[{"@type":"SearchAction","target":{"@type":"EntryPoint","urlTemplate":"https:\/\/insightkas.com\/?s={search_term_string}"},"query-input":"required name=search_term_string"}],"inLanguage":"tr"}]}},"_links":{"self":[{"href":"https:\/\/insightkas.com\/tr\/wp-json\/wp\/v2\/pages\/7736"}],"collection":[{"href":"https:\/\/insightkas.com\/tr\/wp-json\/wp\/v2\/pages"}],"about":[{"href":"https:\/\/insightkas.com\/tr\/wp-json\/wp\/v2\/types\/page"}],"author":[{"embeddable":true,"href":"https:\/\/insightkas.com\/tr\/wp-json\/wp\/v2\/users\/1"}],"replies":[{"embeddable":true,"href":"https:\/\/insightkas.com\/tr\/wp-json\/wp\/v2\/comments?post=7736"}],"version-history":[{"count":0,"href":"https:\/\/insightkas.com\/tr\/wp-json\/wp\/v2\/pages\/7736\/revisions"}],"wp:attachment":[{"href":"https:\/\/insightkas.com\/tr\/wp-json\/wp\/v2\/media?parent=7736"}],"curies":[{"name":"wp","href":"https:\/\/api.w.org\/{rel}","templated":true}]}}