{"id":4522,"date":"2018-03-23T15:45:06","date_gmt":"2018-03-23T15:45:06","guid":{"rendered":"http:\/\/insightkas.com\/villa-karsilastirma\/"},"modified":"2018-06-18T15:03:09","modified_gmt":"2018-06-18T15:03:09","slug":"villa-karsilastirma","status":"publish","type":"page","link":"http:\/\/insightkas.com\/tr\/villa-karsilastirma\/","title":{"rendered":"Villa Kar\u015f\u0131la\u015ft\u0131rma"},"content":{"rendered":"\t\t<div data-elementor-type=\"wp-post\" data-elementor-id=\"4522\" class=\"elementor elementor-4522 elementor-bc-flex-widget\">\n\t\t\t\t\t\t<div class=\"elementor-inner\">\n\t\t\t\t<div class=\"elementor-section-wrap\">\n\t\t\t\t\t\t\t\t\t<section class=\"elementor-section elementor-top-section elementor-element elementor-element-84fdb8a elementor-section-boxed elementor-section-height-default elementor-section-height-default\" data-id=\"84fdb8a\" data-element_type=\"section\">\n\t\t\t\t\t\t<div class=\"elementor-container elementor-column-gap-default\">\n\t\t\t\t\t\t\t<div class=\"elementor-row\">\n\t\t\t\t\t<div class=\"elementor-column elementor-col-100 elementor-top-column elementor-element elementor-element-dcc0718\" data-id=\"dcc0718\" data-element_type=\"column\">\n\t\t\t<div class=\"elementor-column-wrap elementor-element-populated\">\n\t\t\t\t\t\t\t<div class=\"elementor-widget-wrap\">\n\t\t\t\t\t\t<div class=\"elementor-element elementor-element-97a29e3 elementor-widget elementor-widget-spacer\" data-id=\"97a29e3\" data-element_type=\"widget\" data-widget_type=\"spacer.default\">\n\t\t\t\t<div class=\"elementor-widget-container\">\n\t\t\t\t\t<div class=\"elementor-spacer\">\n\t\t\t<div class=\"elementor-spacer-inner\"><\/div>\n\t\t<\/div>\n\t\t\t\t<\/div>\n\t\t\t\t<\/div>\n\t\t\t\t<div class=\"elementor-element elementor-element-328b258 elementor-view-default elementor-position-top elementor-widget elementor-widget-themo-header\" data-id=\"328b258\" data-element_type=\"widget\" data-widget_type=\"themo-header.default\">\n\t\t\t\t<div class=\"elementor-widget-container\">\n\t\t\t\t\t<div class=\"th-header-wrap\">\n        <div class=\"elementor-icon-box-wrapper \">\n                            <div class=\"elementor-icon-box-content\">\n                    <h1 class=\"elementor-icon-box-title\">\n                        Villalar\u0131 Kar\u015f\u0131la\u015ft\u0131r\u0131n                    <\/h1>\n                                        <p class=\"elementor-icon-box-description\"><\/p>\n\n                                    <\/div>\n            <\/div>\n\n        <\/div>\n\n\t\t\t\t<\/div>\n\t\t\t\t<\/div>\n\t\t\t\t<div class=\"elementor-element elementor-element-7e4ad4d elementor-widget elementor-widget-spacer\" data-id=\"7e4ad4d\" data-element_type=\"widget\" data-widget_type=\"spacer.default\">\n\t\t\t\t<div class=\"elementor-widget-container\">\n\t\t\t\t\t<div class=\"elementor-spacer\">\n\t\t\t<div class=\"elementor-spacer-inner\"><\/div>\n\t\t<\/div>\n\t\t\t\t<\/div>\n\t\t\t\t<\/div>\n\t\t\t\t<div class=\"elementor-element elementor-element-596c94a elementor-widget elementor-widget-shortcode\" data-id=\"596c94a\" data-element_type=\"widget\" data-widget_type=\"shortcode.default\">\n\t\t\t\t<div class=\"elementor-widget-container\">\n\t\t\t\t\t<div class=\"elementor-shortcode\">\n<table id=\"tablepress-20\" class=\"tablepress tablepress-id-20 amenity tablepress-responsive tablepress-responsive-phone\">\n<thead>\n<tr class=\"row-1 odd\">\n\t<th class=\"column-1\"><\/th><th class=\"column-2\"><a href=\"http:\/\/insightkas.com\/rentalvilla\/villa-ventis\">Ventis<\/a><\/th><th class=\"column-3\"><a href=\"http:\/\/insightkas.com\/rentalvilla\/villa-nova\">Nova<\/a><\/th><th class=\"column-4\"><a href=\"http:\/\/insightkas.com\/rentalvilla\/villa-aqua\">Aqua<\/a><\/th><th class=\"column-5\"><a href=\"http:\/\/insightkas.com\/rentalvilla\/villa-mare\">Mare<\/a><\/th><th class=\"column-6\"><a href=\"http:\/\/insightkas.com\/rentalvilla\/villa-solis\">Solis<\/a><\/th><th class=\"column-7\"><a href=\"http:\/\/insightkas.com\/rentalvilla\/villa-terra\">Terra<\/a><\/th>\n<\/tr>\n<\/thead>\n<tbody class=\"row-hover\">\n<tr class=\"row-2 even\">\n\t<td class=\"column-1\">Ka\u00e7 Ki\u015filik<\/td><td class=\"column-2\">4<\/td><td class=\"column-3\">4<\/td><td class=\"column-4\">6<\/td><td class=\"column-5\">6<\/td><td class=\"column-6\">6<\/td><td class=\"column-7\">6<\/td>\n<\/tr>\n<tr class=\"row-3 odd\">\n\t<td class=\"column-1\">Yatak Odas\u0131<\/td><td class=\"column-2\">2<\/td><td class=\"column-3\">2<\/td><td class=\"column-4\">3<\/td><td class=\"column-5\">3<\/td><td class=\"column-6\">3<\/td><td class=\"column-7\">3<\/td>\n<\/tr>\n<tr class=\"row-4 even\">\n\t<td class=\"column-1\">Banyolu Yatak Odas\u0131<\/td><td class=\"column-2\">1<\/td><td class=\"column-3\">1<\/td><td class=\"column-4\">2<\/td><td class=\"column-5\">2<\/td><td class=\"column-6\">2<\/td><td class=\"column-7\">2<\/td>\n<\/tr>\n<tr class=\"row-5 odd\">\n\t<td class=\"column-1\">\u00c7ift Ki\u015filik Yatak <\/td><td class=\"column-2\">2<\/td><td class=\"column-3\">2<\/td><td class=\"column-4\">2<\/td><td class=\"column-5\">2<\/td><td class=\"column-6\">2<\/td><td class=\"column-7\">2<\/td>\n<\/tr>\n<tr class=\"row-6 even\">\n\t<td class=\"column-1\">Tek Ki\u015filik Yatak<\/td><td class=\"column-2\">\u2715<\/td><td class=\"column-3\">\u2715<\/td><td class=\"column-4\">2<\/td><td class=\"column-5\">2<\/td><td class=\"column-6\">2<\/td><td class=\"column-7\">2<\/td>\n<\/tr>\n<tr class=\"row-7 odd\">\n\t<td class=\"column-1\">Banyo<\/td><td class=\"column-2\">2<\/td><td class=\"column-3\">2<\/td><td class=\"column-4\">3<\/td><td class=\"column-5\">3<\/td><td class=\"column-6\">3<\/td><td class=\"column-7\">3<\/td>\n<\/tr>\n<tr class=\"row-8 even\">\n\t<td class=\"column-1\">Havuz<\/td><td class=\"column-2\">\u2713<\/td><td class=\"column-3\">\u2713<\/td><td class=\"column-4\">\u2713<\/td><td class=\"column-5\">\u2713<\/td><td class=\"column-6\">\u2713<\/td><td class=\"column-7\">\u2713<\/td>\n<\/tr>\n<tr class=\"row-9 odd\">\n\t<td class=\"column-1\">\u00d6zel Bah\u00e7e<\/td><td class=\"column-2\">\u2713<\/td><td class=\"column-3\">\u2713<\/td><td class=\"column-4\">\u2715<\/td><td class=\"column-5\">\u2715<\/td><td class=\"column-6\">\u2713<\/td><td class=\"column-7\">\u2713<\/td>\n<\/tr>\n<tr class=\"row-10 even\">\n\t<td class=\"column-1\">Medya Odas\u0131<\/td><td class=\"column-2\">\u2715<\/td><td class=\"column-3\">\u2715<\/td><td class=\"column-4\">\u2713<\/td><td class=\"column-5\">\u2713<\/td><td class=\"column-6\">\u2713<\/td><td class=\"column-7\">\u2713<\/td>\n<\/tr>\n<tr class=\"row-11 odd\">\n\t<td class=\"column-1\">140 Ekran TV<\/td><td class=\"column-2\">\u2715<\/td><td class=\"column-3\">\u2715<\/td><td class=\"column-4\">\u2713<\/td><td class=\"column-5\">\u2713<\/td><td class=\"column-6\">\u2713<\/td><td class=\"column-7\">\u2713<\/td>\n<\/tr>\n<tr class=\"row-12 even\">\n\t<td class=\"column-1\">122 Ekran TV<\/td><td class=\"column-2\">\u2713<\/td><td class=\"column-3\">\u2713<\/td><td class=\"column-4\">\u2713<\/td><td class=\"column-5\">\u2713<\/td><td class=\"column-6\">\u2713<\/td><td class=\"column-7\">\u2713<\/td>\n<\/tr>\n<tr class=\"row-13 odd\">\n\t<td class=\"column-1\">Soundbar<\/td><td class=\"column-2\">\u2715<\/td><td class=\"column-3\">\u2715<\/td><td class=\"column-4\">\u2713<\/td><td class=\"column-5\">\u2713<\/td><td class=\"column-6\">\u2713<\/td><td class=\"column-7\">\u2713<\/td>\n<\/tr>\n<tr class=\"row-14 even\">\n\t<td class=\"column-1\">Klima<\/td><td class=\"column-2\">\u2713<\/td><td class=\"column-3\">\u2713<\/td><td class=\"column-4\">\u2713<\/td><td class=\"column-5\">\u2713<\/td><td class=\"column-6\">\u2713<\/td><td class=\"column-7\">\u2713<\/td>\n<\/tr>\n<tr class=\"row-15 odd\">\n\t<td class=\"column-1\">Kablosuz \u0130nternet<\/td><td class=\"column-2\">\u2713<\/td><td class=\"column-3\">\u2713<\/td><td class=\"column-4\">\u2713<\/td><td class=\"column-5\">\u2713<\/td><td class=\"column-6\">\u2713<\/td><td class=\"column-7\">\u2713<\/td>\n<\/tr>\n<tr class=\"row-16 even\">\n\t<td class=\"column-1\">Mangal<\/td><td class=\"column-2\">\u2713<\/td><td class=\"column-3\">\u2713<\/td><td class=\"column-4\">\u2715<\/td><td class=\"column-5\">\u2713<\/td><td class=\"column-6\">\u2713<\/td><td class=\"column-7\">\u2713<\/td>\n<\/tr>\n<\/tbody>\n<\/table>\n<!-- #tablepress-20 from cache --><\/div>\n\t\t\t\t<\/div>\n\t\t\t\t<\/div>\n\t\t\t\t\t\t<\/div>\n\t\t\t\t\t<\/div>\n\t\t<\/div>\n\t\t\t\t\t\t\t\t<\/div>\n\t\t\t\t\t<\/div>\n\t\t<\/section>\n\t\t\t\t\t\t\t\t\t<\/div>\n\t\t\t<\/div>\n\t\t\t\t\t<\/div>\n\t\t","protected":false},"excerpt":{"rendered":"<p>Villalar\u0131 Kar\u015f\u0131la\u015ft\u0131r\u0131n<\/p>\n","protected":false},"author":1,"featured_media":0,"parent":0,"menu_order":6,"comment_status":"closed","ping_status":"closed","template":"","meta":{"footnotes":""},"yoast_head":"<!-- This site is optimized with the Yoast SEO plugin v20.1 - https:\/\/yoast.com\/wordpress\/plugins\/seo\/ -->\n<title>Villa Kar\u015f\u0131la\u015ft\u0131rma - InSight Ka\u015f<\/title>\n<meta name=\"robots\" content=\"index, follow, max-snippet:-1, max-image-preview:large, max-video-preview:-1\" \/>\n<link rel=\"canonical\" href=\"http:\/\/insightkas.com\/tr\/villa-karsilastirma\/\" \/>\n<meta property=\"og:locale\" content=\"tr_TR\" \/>\n<meta property=\"og:type\" content=\"article\" \/>\n<meta property=\"og:title\" content=\"Villa Kar\u015f\u0131la\u015ft\u0131rma - InSight Ka\u015f\" \/>\n<meta property=\"og:description\" content=\"Villalar\u0131 Kar\u015f\u0131la\u015ft\u0131r\u0131n\" \/>\n<meta property=\"og:url\" content=\"http:\/\/insightkas.com\/tr\/villa-karsilastirma\/\" \/>\n<meta property=\"og:site_name\" content=\"InSight Ka\u015f\" \/>\n<meta property=\"article:modified_time\" content=\"2018-06-18T15:03:09+00:00\" \/>\n<meta name=\"twitter:card\" content=\"summary_large_image\" \/>\n<script type=\"application\/ld+json\" class=\"yoast-schema-graph\">{\"@context\":\"https:\/\/schema.org\",\"@graph\":[{\"@type\":\"WebPage\",\"@id\":\"http:\/\/insightkas.com\/tr\/villa-karsilastirma\/\",\"url\":\"http:\/\/insightkas.com\/tr\/villa-karsilastirma\/\",\"name\":\"Villa Kar\u015f\u0131la\u015ft\u0131rma - InSight Ka\u015f\",\"isPartOf\":{\"@id\":\"https:\/\/insightkas.com\/#website\"},\"datePublished\":\"2018-03-23T15:45:06+00:00\",\"dateModified\":\"2018-06-18T15:03:09+00:00\",\"breadcrumb\":{\"@id\":\"http:\/\/insightkas.com\/tr\/villa-karsilastirma\/#breadcrumb\"},\"inLanguage\":\"tr\",\"potentialAction\":[{\"@type\":\"ReadAction\",\"target\":[\"http:\/\/insightkas.com\/tr\/villa-karsilastirma\/\"]}]},{\"@type\":\"BreadcrumbList\",\"@id\":\"http:\/\/insightkas.com\/tr\/villa-karsilastirma\/#breadcrumb\",\"itemListElement\":[{\"@type\":\"ListItem\",\"position\":1,\"name\":\"Home\",\"item\":\"https:\/\/insightkas.com\/tr\/\"},{\"@type\":\"ListItem\",\"position\":2,\"name\":\"Villa Kar\u015f\u0131la\u015ft\u0131rma\"}]},{\"@type\":\"WebSite\",\"@id\":\"https:\/\/insightkas.com\/#website\",\"url\":\"https:\/\/insightkas.com\/\",\"name\":\"InSight Ka\u015f\",\"description\":\"Luxury Rental Villas in Kas\",\"potentialAction\":[{\"@type\":\"SearchAction\",\"target\":{\"@type\":\"EntryPoint\",\"urlTemplate\":\"https:\/\/insightkas.com\/?s={search_term_string}\"},\"query-input\":\"required name=search_term_string\"}],\"inLanguage\":\"tr\"}]}<\/script>\n<!-- \/ Yoast SEO plugin. -->","yoast_head_json":{"title":"Villa Kar\u015f\u0131la\u015ft\u0131rma - InSight Ka\u015f","robots":{"index":"index","follow":"follow","max-snippet":"max-snippet:-1","max-image-preview":"max-image-preview:large","max-video-preview":"max-video-preview:-1"},"canonical":"http:\/\/insightkas.com\/tr\/villa-karsilastirma\/","og_locale":"tr_TR","og_type":"article","og_title":"Villa Kar\u015f\u0131la\u015ft\u0131rma - InSight Ka\u015f","og_description":"Villalar\u0131 Kar\u015f\u0131la\u015ft\u0131r\u0131n","og_url":"http:\/\/insightkas.com\/tr\/villa-karsilastirma\/","og_site_name":"InSight Ka\u015f","article_modified_time":"2018-06-18T15:03:09+00:00","twitter_card":"summary_large_image","schema":{"@context":"https:\/\/schema.org","@graph":[{"@type":"WebPage","@id":"http:\/\/insightkas.com\/tr\/villa-karsilastirma\/","url":"http:\/\/insightkas.com\/tr\/villa-karsilastirma\/","name":"Villa Kar\u015f\u0131la\u015ft\u0131rma - InSight Ka\u015f","isPartOf":{"@id":"https:\/\/insightkas.com\/#website"},"datePublished":"2018-03-23T15:45:06+00:00","dateModified":"2018-06-18T15:03:09+00:00","breadcrumb":{"@id":"http:\/\/insightkas.com\/tr\/villa-karsilastirma\/#breadcrumb"},"inLanguage":"tr","potentialAction":[{"@type":"ReadAction","target":["http:\/\/insightkas.com\/tr\/villa-karsilastirma\/"]}]},{"@type":"BreadcrumbList","@id":"http:\/\/insightkas.com\/tr\/villa-karsilastirma\/#breadcrumb","itemListElement":[{"@type":"ListItem","position":1,"name":"Home","item":"https:\/\/insightkas.com\/tr\/"},{"@type":"ListItem","position":2,"name":"Villa Kar\u015f\u0131la\u015ft\u0131rma"}]},{"@type":"WebSite","@id":"https:\/\/insightkas.com\/#website","url":"https:\/\/insightkas.com\/","name":"InSight Ka\u015f","description":"Luxury Rental Villas in Kas","potentialAction":[{"@type":"SearchAction","target":{"@type":"EntryPoint","urlTemplate":"https:\/\/insightkas.com\/?s={search_term_string}"},"query-input":"required name=search_term_string"}],"inLanguage":"tr"}]}},"_links":{"self":[{"href":"https:\/\/insightkas.com\/tr\/wp-json\/wp\/v2\/pages\/4522"}],"collection":[{"href":"https:\/\/insightkas.com\/tr\/wp-json\/wp\/v2\/pages"}],"about":[{"href":"https:\/\/insightkas.com\/tr\/wp-json\/wp\/v2\/types\/page"}],"author":[{"embeddable":true,"href":"https:\/\/insightkas.com\/tr\/wp-json\/wp\/v2\/users\/1"}],"replies":[{"embeddable":true,"href":"https:\/\/insightkas.com\/tr\/wp-json\/wp\/v2\/comments?post=4522"}],"version-history":[{"count":0,"href":"https:\/\/insightkas.com\/tr\/wp-json\/wp\/v2\/pages\/4522\/revisions"}],"wp:attachment":[{"href":"https:\/\/insightkas.com\/tr\/wp-json\/wp\/v2\/media?parent=4522"}],"curies":[{"name":"wp","href":"https:\/\/api.w.org\/{rel}","templated":true}]}}