{"id":3239,"date":"2018-03-11T09:23:03","date_gmt":"2018-03-11T09:23:03","guid":{"rendered":"http:\/\/insightkas.com\/fiyatlar\/"},"modified":"2022-02-24T19:58:45","modified_gmt":"2022-02-24T19:58:45","slug":"fiyatlar","status":"publish","type":"page","link":"http:\/\/insightkas.com\/tr\/fiyatlar\/","title":{"rendered":"Fiyatlar"},"content":{"rendered":"\t\t<div data-elementor-type=\"wp-post\" data-elementor-id=\"3239\" class=\"elementor elementor-3239\">\n\t\t\t\t\t\t<div class=\"elementor-inner\">\n\t\t\t\t<div class=\"elementor-section-wrap\">\n\t\t\t\t\t\t\t\t\t<section class=\"elementor-section elementor-top-section elementor-element elementor-element-0660adb elementor-section-boxed elementor-section-height-default elementor-section-height-default\" data-id=\"0660adb\" data-element_type=\"section\">\n\t\t\t\t\t\t<div class=\"elementor-container elementor-column-gap-default\">\n\t\t\t\t\t\t\t<div class=\"elementor-row\">\n\t\t\t\t\t<div class=\"elementor-column elementor-col-100 elementor-top-column elementor-element elementor-element-ee9b498\" data-id=\"ee9b498\" data-element_type=\"column\">\n\t\t\t<div class=\"elementor-column-wrap elementor-element-populated\">\n\t\t\t\t\t\t\t<div class=\"elementor-widget-wrap\">\n\t\t\t\t\t\t<div class=\"elementor-element elementor-element-e3aaa3f elementor-widget elementor-widget-spacer\" data-id=\"e3aaa3f\" data-element_type=\"widget\" data-widget_type=\"spacer.default\">\n\t\t\t\t<div class=\"elementor-widget-container\">\n\t\t\t\t\t<div class=\"elementor-spacer\">\n\t\t\t<div class=\"elementor-spacer-inner\"><\/div>\n\t\t<\/div>\n\t\t\t\t<\/div>\n\t\t\t\t<\/div>\n\t\t\t\t<div class=\"elementor-element elementor-element-0e9ffb6 elementor-widget elementor-widget-heading\" data-id=\"0e9ffb6\" data-element_type=\"widget\" data-widget_type=\"heading.default\">\n\t\t\t\t<div class=\"elementor-widget-container\">\n\t\t\t<h1 class=\"elementor-heading-title elementor-size-default\">Haftal\u0131k Fiyatlar (\u20ac)<\/h1>\t\t<\/div>\n\t\t\t\t<\/div>\n\t\t\t\t<div class=\"elementor-element elementor-element-9cb9776 elementor-widget elementor-widget-text-editor\" data-id=\"9cb9776\" data-element_type=\"widget\" data-widget_type=\"text-editor.default\">\n\t\t\t\t<div class=\"elementor-widget-container\">\n\t\t\t\t\t\t\t\t<div class=\"elementor-text-editor elementor-clearfix\">\n\t\t\t\t<ul><li>Liste fiyatlar\u0131 haftal\u0131k baz konaklama \u00fccretleridir, ekstralar\u0131, depozitolar\u0131 ve olas\u0131 indirimleri yans\u0131tmaz.<\/li><li>14 g\u00fcn ve \u00fczeri rezervasyonlarda% 5 indirim uygulanacak ve rezervasyon talep formuna yans\u0131t\u0131lacakt\u0131r.<\/li><li>\u00d6zel fiyatlar\u0131m\u0131zdan ve kampanyalar\u0131m\u0131zdan haberdar olmak i\u00e7in bizi <a href=\"http:\/\/www.facebook.com\/insightkas\" target=\"_blank\" rel=\"noopener\">Facebook<\/a>&#8216;tan takip edebilir, e-posta listemize <a href=\"http:\/\/insightkas.com\/tr\/e-posta-listesi\" target=\"_blank\" rel=\"noopener\">\u00fcye olabilirsiniz<\/a>.<\/li><li>Liste fiyatlar\u0131 yerel bayramlar i\u00e7in ge\u00e7erli de\u011fildir. En g\u00fcncel ve do\u011fru fiyatland\u0131rma i\u00e7in rezervasyon talep formumuzu kullanabilirsiniz.<\/li><li>\u00d6zel grup fiyatlar\u0131 i\u00e7in (3 ve daha fazla villa) l\u00fctfen bizimle irtibata ge\u00e7in.<\/li><\/ul>\t\t\t\t\t<\/div>\n\t\t\t\t\t\t<\/div>\n\t\t\t\t<\/div>\n\t\t\t\t\t\t<\/div>\n\t\t\t\t\t<\/div>\n\t\t<\/div>\n\t\t\t\t\t\t\t\t<\/div>\n\t\t\t\t\t<\/div>\n\t\t<\/section>\n\t\t\t\t<section class=\"elementor-section elementor-top-section elementor-element elementor-element-c6d0c09 elementor-section-boxed elementor-section-height-default elementor-section-height-default\" data-id=\"c6d0c09\" data-element_type=\"section\">\n\t\t\t\t\t\t<div class=\"elementor-container elementor-column-gap-default\">\n\t\t\t\t\t\t\t<div class=\"elementor-row\">\n\t\t\t\t\t<div class=\"elementor-column elementor-col-100 elementor-top-column elementor-element elementor-element-f468ce3\" data-id=\"f468ce3\" data-element_type=\"column\">\n\t\t\t<div class=\"elementor-column-wrap elementor-element-populated\">\n\t\t\t\t\t\t\t<div class=\"elementor-widget-wrap\">\n\t\t\t\t\t\t<div class=\"elementor-element elementor-element-4304ba1 elementor-widget elementor-widget-shortcode\" data-id=\"4304ba1\" data-element_type=\"widget\" data-widget_type=\"shortcode.default\">\n\t\t\t\t<div class=\"elementor-widget-container\">\n\t\t\t\t\t<div class=\"elementor-shortcode\"><h2 id=\"tablepress-12-name\" class=\"tablepress-table-name tablepress-table-name-id-12\">Haftal\u0131k Fiyat Tablosu (Euro) (2026)<\/h2>\n\n<table id=\"tablepress-12\" class=\"tablepress tablepress-id-12 ratetable tablepress-responsive tablepress-responsive-phone\" aria-labelledby=\"tablepress-12-name\" aria-describedby=\"tablepress-12-description\">\n<thead>\n<tr class=\"row-1 odd\">\n\t<th class=\"column-1\">Euros \/ Week<\/th><th class=\"column-2\">01 Oca-31 Mar<\/th><th class=\"column-3\">01 Nis - 22 May<\/th><th class=\"column-4\">23 May - 26 Haz<\/th><th class=\"column-5\">27 Haz - 31 Agu<\/th><th class=\"column-6\">1 Eyl-30 Eyl<\/th><th class=\"column-7\">1 Eki-31 Eki<\/th><th class=\"column-8\">1 Kas-31 Ara<\/th>\n<\/tr>\n<\/thead>\n<tbody class=\"row-hover\">\n<tr class=\"row-2 even\">\n\t<td class=\"column-1\">Villa Nova<\/td><td class=\"column-2\">700<\/td><td class=\"column-3\">805<\/td><td class=\"column-4\">1260<\/td><td class=\"column-5\">1750<\/td><td class=\"column-6\">1540<\/td><td class=\"column-7\">1190<\/td><td class=\"column-8\">700<\/td>\n<\/tr>\n<tr class=\"row-3 odd\">\n\t<td class=\"column-1\">Villa Ventis<\/td><td class=\"column-2\">700<\/td><td class=\"column-3\">805<\/td><td class=\"column-4\">1260<\/td><td class=\"column-5\">1750<\/td><td class=\"column-6\">1540<\/td><td class=\"column-7\">1190<\/td><td class=\"column-8\">700<\/td>\n<\/tr>\n<tr class=\"row-4 even\">\n\t<td class=\"column-1\">Villa Mare<\/td><td class=\"column-2\">980<\/td><td class=\"column-3\">1120<\/td><td class=\"column-4\">1610<\/td><td class=\"column-5\">2205<\/td><td class=\"column-6\">1855<\/td><td class=\"column-7\">1470<\/td><td class=\"column-8\">980<\/td>\n<\/tr>\n<tr class=\"row-5 odd\">\n\t<td class=\"column-1\">Villa Aqua<\/td><td class=\"column-2\">910<\/td><td class=\"column-3\">1015<\/td><td class=\"column-4\">1470<\/td><td class=\"column-5\">2030<\/td><td class=\"column-6\">1680<\/td><td class=\"column-7\">1330<\/td><td class=\"column-8\">910<\/td>\n<\/tr>\n<tr class=\"row-6 even\">\n\t<td class=\"column-1\">Villa Solis<\/td><td class=\"column-2\">1085<\/td><td class=\"column-3\">1225<\/td><td class=\"column-4\">1785<\/td><td class=\"column-5\">2450<\/td><td class=\"column-6\">2065<\/td><td class=\"column-7\">1645<\/td><td class=\"column-8\">1085<\/td>\n<\/tr>\n<tr class=\"row-7 odd\">\n\t<td class=\"column-1\">Villa Terra<\/td><td class=\"column-2\">1085<\/td><td class=\"column-3\">1225<\/td><td class=\"column-4\">1785<\/td><td class=\"column-5\">2450<\/td><td class=\"column-6\">2065<\/td><td class=\"column-7\">1645<\/td><td class=\"column-8\">1085<\/td>\n<\/tr>\n<\/tbody>\n<\/table>\n<span id=\"tablepress-12-description\" class=\"tablepress-table-description tablepress-table-description-id-12\">G\u00fcncel kurdan <a href=\"http:\/\/www.xe.com\/currencyconverter\/convert\/?Amount=1&amp;From=EUR&amp;To=TRY\" target=\"_blank\" rel=\"noopener noreferrer\"><b>\u20ac 'dan \u20ba'ye \u00e7evir<\/b><\/a>.<\/span>\n<\/div>\n\t\t\t\t<\/div>\n\t\t\t\t<\/div>\n\t\t\t\t\t\t<\/div>\n\t\t\t\t\t<\/div>\n\t\t<\/div>\n\t\t\t\t\t\t\t\t<\/div>\n\t\t\t\t\t<\/div>\n\t\t<\/section>\n\t\t\t\t<section class=\"elementor-section elementor-top-section elementor-element elementor-element-4333c95 elementor-section-boxed elementor-section-height-default elementor-section-height-default\" data-id=\"4333c95\" data-element_type=\"section\" data-settings=\"{&quot;background_background&quot;:&quot;classic&quot;}\">\n\t\t\t\t\t\t<div class=\"elementor-container elementor-column-gap-default\">\n\t\t\t\t\t\t\t<div class=\"elementor-row\">\n\t\t\t\t\t<div class=\"elementor-column elementor-col-100 elementor-top-column elementor-element elementor-element-a60d476\" data-id=\"a60d476\" data-element_type=\"column\">\n\t\t\t<div class=\"elementor-column-wrap elementor-element-populated\">\n\t\t\t\t\t\t\t<div class=\"elementor-widget-wrap\">\n\t\t\t\t\t\t<div class=\"elementor-element elementor-element-8ed95d8 elementor-widget elementor-widget-spacer\" data-id=\"8ed95d8\" data-element_type=\"widget\" data-widget_type=\"spacer.default\">\n\t\t\t\t<div class=\"elementor-widget-container\">\n\t\t\t\t\t<div class=\"elementor-spacer\">\n\t\t\t<div class=\"elementor-spacer-inner\"><\/div>\n\t\t<\/div>\n\t\t\t\t<\/div>\n\t\t\t\t<\/div>\n\t\t\t\t<div class=\"elementor-element elementor-element-de4533a elementor-widget elementor-widget-shortcode\" data-id=\"de4533a\" data-element_type=\"widget\" data-widget_type=\"shortcode.default\">\n\t\t\t\t<div class=\"elementor-widget-container\">\n\t\t\t\t\t<div class=\"elementor-shortcode\"><\/div>\n\t\t\t\t<\/div>\n\t\t\t\t<\/div>\n\t\t\t\t<div class=\"elementor-element elementor-element-3b6a54b elementor-widget elementor-widget-spacer\" data-id=\"3b6a54b\" data-element_type=\"widget\" data-widget_type=\"spacer.default\">\n\t\t\t\t<div class=\"elementor-widget-container\">\n\t\t\t\t\t<div class=\"elementor-spacer\">\n\t\t\t<div class=\"elementor-spacer-inner\"><\/div>\n\t\t<\/div>\n\t\t\t\t<\/div>\n\t\t\t\t<\/div>\n\t\t\t\t<div class=\"elementor-element elementor-element-722b738 elementor-widget elementor-widget-toggle\" data-id=\"722b738\" data-element_type=\"widget\" data-widget_type=\"toggle.default\">\n\t\t\t\t<div class=\"elementor-widget-container\">\n\t\t\t\t\t<div class=\"elementor-toggle\" role=\"tablist\">\n\t\t\t\t\t\t\t<div class=\"elementor-toggle-item\">\n\t\t\t\t\t<div id=\"elementor-tab-title-1191\" class=\"elementor-tab-title\" data-tab=\"1\" role=\"tab\" aria-controls=\"elementor-tab-content-1191\" aria-expanded=\"false\">\n\t\t\t\t\t\t\t\t\t\t\t\t<span class=\"elementor-toggle-icon elementor-toggle-icon-left\" aria-hidden=\"true\">\n\t\t\t\t\t\t\t\t\t\t\t\t\t\t\t<i class=\"elementor-toggle-icon-closed fa fa-caret-right\"><\/i>\n\t\t\t\t\t\t\t\t<i class=\"elementor-toggle-icon-opened fa fa-caret-up\"><\/i>\n\t\t\t\t\t\t\t\t\t\t\t\t\t<\/span>\n\t\t\t\t\t\t\t\t\t\t\t\t<a href=\"\" class=\"elementor-toggle-title\">REZERVASYON KURALLARI<\/a>\n\t\t\t\t\t<\/div>\n\n\t\t\t\t\t<div id=\"elementor-tab-content-1191\" class=\"elementor-tab-content elementor-clearfix\" data-tab=\"1\" role=\"tabpanel\" aria-labelledby=\"elementor-tab-title-1191\"><ul>\n<li>L\u00fctfen formumuzu doldurarak rezervasyon talebinizi olu\u015fturun. Size en k\u0131sa s\u00fcrede d\u00f6n\u00fc\u015f yaparak rezervasyonunuzun konfirme edilmesi i\u00e7in gerekenleri taraf\u0131n\u0131za iletece\u011fiz.<\/li>\n<li>15 Haziran-31 A\u011fustos tarihleri aras\u0131nda asgari 7 g\u00fcn konaklama kural\u0131m\u0131z mevcuttur, bu tarihler d\u0131\u015f\u0131nda asgari konaklama s\u00fcresi 2 g\u00fcnd\u00fcr. 4 g\u00fcnden k\u0131sa s\u00fcreli konaklamalarda ekstra 40 EUR temizlik \u00fccreti tahsil edilecektir.<\/li>\n<li>Rezervasyon formunda belirtilen ki\u015fi say\u0131s\u0131, villa i\u00e7in belirtilen kapasiteyi a\u015famaz.<\/li>\n<li>Villan\u0131za giri\u015f yaparken olas\u0131 hasarlara kar\u015f\u0131 iade edilebilir bir depozito tahsil edilir ve herhangi bir hasar olu\u015fmamas\u0131 durumunda \u00e7\u0131k\u0131\u015f s\u0131ras\u0131nda iade edilir.<\/li>\n<li>Aksi y\u00f6ndeki bir talebiniz taraf\u0131m\u0131zca onaylanmad\u0131k\u00e7a giri\u015f saatimiz 15:30, check-out saatimiz 10:30 dur.<\/li>\n<\/ul><\/div>\n\t\t\t\t<\/div>\n\t\t\t\t\t\t\t\t<\/div>\n\t\t\t\t<\/div>\n\t\t\t\t<\/div>\n\t\t\t\t<div class=\"elementor-element elementor-element-028ba53 elementor-widget elementor-widget-spacer\" data-id=\"028ba53\" data-element_type=\"widget\" data-widget_type=\"spacer.default\">\n\t\t\t\t<div class=\"elementor-widget-container\">\n\t\t\t\t\t<div class=\"elementor-spacer\">\n\t\t\t<div class=\"elementor-spacer-inner\"><\/div>\n\t\t<\/div>\n\t\t\t\t<\/div>\n\t\t\t\t<\/div>\n\t\t\t\t\t\t<\/div>\n\t\t\t\t\t<\/div>\n\t\t<\/div>\n\t\t\t\t\t\t\t\t<\/div>\n\t\t\t\t\t<\/div>\n\t\t<\/section>\n\t\t\t\t<section class=\"elementor-section elementor-top-section elementor-element elementor-element-ca4dcbf elementor-section-full_width elementor-section-height-default elementor-section-height-default\" data-id=\"ca4dcbf\" data-element_type=\"section\" data-settings=\"{&quot;background_background&quot;:&quot;classic&quot;}\">\n\t\t\t\t\t\t<div class=\"elementor-container elementor-column-gap-default\">\n\t\t\t\t\t\t\t<div class=\"elementor-row\">\n\t\t\t\t\t<div class=\"elementor-column elementor-col-100 elementor-top-column elementor-element elementor-element-52ad9c8\" data-id=\"52ad9c8\" data-element_type=\"column\">\n\t\t\t<div class=\"elementor-column-wrap\">\n\t\t\t\t\t\t\t<div class=\"elementor-widget-wrap\">\n\t\t\t\t\t\t\t\t<\/div>\n\t\t\t\t\t<\/div>\n\t\t<\/div>\n\t\t\t\t\t\t\t\t<\/div>\n\t\t\t\t\t<\/div>\n\t\t<\/section>\n\t\t\t\t<section class=\"elementor-section elementor-top-section elementor-element elementor-element-a31395e elementor-section-boxed elementor-section-height-default elementor-section-height-default\" data-id=\"a31395e\" data-element_type=\"section\">\n\t\t\t\t\t\t<div class=\"elementor-container elementor-column-gap-default\">\n\t\t\t\t\t\t\t<div class=\"elementor-row\">\n\t\t\t\t\t<div class=\"elementor-column elementor-col-100 elementor-top-column elementor-element elementor-element-830918c\" data-id=\"830918c\" data-element_type=\"column\">\n\t\t\t<div class=\"elementor-column-wrap elementor-element-populated\">\n\t\t\t\t\t\t\t<div class=\"elementor-widget-wrap\">\n\t\t\t\t\t\t<div class=\"elementor-element elementor-element-469b1e3 elementor-widget elementor-widget-shortcode\" data-id=\"469b1e3\" data-element_type=\"widget\" data-widget_type=\"shortcode.default\">\n\t\t\t\t<div class=\"elementor-widget-container\">\n\t\t\t\t\t<div class=\"elementor-shortcode\"><ul class=\"social-icons-lists icons-background-rounded centre\">\n\n\t\t\t\n\t\t\t\t<li class=\"social-icons-list-item\">\n\t\t\t\t\t<a href=\"https:\/\/facebook.com\/insightkas\/\" target=\"_blank\"  class=\"social-icon\">\n\t\t\t\t\t\t<span class=\"socicon socicon-facebook\" style=\"padding: 10px; font-size: 30px; background-color: #3e5b98\"><\/span>\n\n\t\t\t\t\t\t\t\t\t\t\t<\/a>\n\t\t\t\t<\/li>\n\n\t\t\t\n\t\t\t\t<li class=\"social-icons-list-item\">\n\t\t\t\t\t<a href=\"https:\/\/twitter.com\/insightkas2018\/\" target=\"_blank\"  class=\"social-icon\">\n\t\t\t\t\t\t<span class=\"socicon socicon-twitter\" style=\"padding: 10px; font-size: 30px; background-color: #4da7de\"><\/span>\n\n\t\t\t\t\t\t\t\t\t\t\t<\/a>\n\t\t\t\t<\/li>\n\n\t\t\t\n\t\t\t\t<li class=\"social-icons-list-item\">\n\t\t\t\t\t<a href=\"https:\/\/instagram.com\/insightkas2018\/\" target=\"_blank\"  class=\"social-icon\">\n\t\t\t\t\t\t<span class=\"socicon socicon-instagram\" style=\"padding: 10px; font-size: 30px; background-color: #9c7c6e\"><\/span>\n\n\t\t\t\t\t\t\t\t\t\t\t<\/a>\n\t\t\t\t<\/li>\n\n\t\t\t\n\t\t\t\t<li class=\"social-icons-list-item\">\n\t\t\t\t\t<a href=\"https:\/\/pinterest.com\/insightkas2018\/\" target=\"_blank\"  class=\"social-icon\">\n\t\t\t\t\t\t<span class=\"socicon socicon-pinterest\" style=\"padding: 10px; font-size: 30px; background-color: #c92619\"><\/span>\n\n\t\t\t\t\t\t\t\t\t\t\t<\/a>\n\t\t\t\t<\/li>\n\n\t\t\t\n\t\t\t\t<li class=\"social-icons-list-item\">\n\t\t\t\t\t<a href=\"https:\/\/plus.google.com\/u\/0\/101875382495872982807\" target=\"_blank\"  class=\"social-icon\">\n\t\t\t\t\t\t<span class=\"socicon socicon-googleplus\" style=\"padding: 10px; font-size: 30px; background-color: #dd4b39\"><\/span>\n\n\t\t\t\t\t\t\t\t\t\t\t<\/a>\n\t\t\t\t<\/li>\n\n\t\t\t\n\t\t\t\t<li class=\"social-icons-list-item\">\n\t\t\t\t\t<a href=\"https:\/\/www.youtube.com\/channel\/UCH_TMM0zDDtJexCv4YMFXvQ\/\" target=\"_blank\"  class=\"social-icon\">\n\t\t\t\t\t\t<span class=\"socicon socicon-youtube\" style=\"padding: 10px; font-size: 30px; background-color: #e02a20\"><\/span>\n\n\t\t\t\t\t\t\t\t\t\t\t<\/a>\n\t\t\t\t<\/li>\n\n\t\t\t\n\t\t<\/ul><\/div>\n\t\t\t\t<\/div>\n\t\t\t\t<\/div>\n\t\t\t\t<div class=\"elementor-element elementor-element-85cf75d elementor-widget elementor-widget-menu-anchor\" data-id=\"85cf75d\" data-element_type=\"widget\" data-widget_type=\"menu-anchor.default\">\n\t\t\t\t<div class=\"elementor-widget-container\">\n\t\t\t\t\t<div id=\"footer\" class=\"elementor-menu-anchor\"><\/div>\n\t\t\t\t<\/div>\n\t\t\t\t<\/div>\n\t\t\t\t\t\t<\/div>\n\t\t\t\t\t<\/div>\n\t\t<\/div>\n\t\t\t\t\t\t\t\t<\/div>\n\t\t\t\t\t<\/div>\n\t\t<\/section>\n\t\t\t\t\t\t\t\t\t<\/div>\n\t\t\t<\/div>\n\t\t\t\t\t<\/div>\n\t\t","protected":false},"excerpt":{"rendered":"<p>Haftal\u0131k Fiyatlar (\u20ac) Liste fiyatlar\u0131 haftal\u0131k baz konaklama \u00fccretleridir, ekstralar\u0131, depozitolar\u0131 ve olas\u0131 indirimleri yans\u0131tmaz. 14 g\u00fcn ve \u00fczeri rezervasyonlarda% 5 indirim uygulanacak ve rezervasyon talep formuna yans\u0131t\u0131lacakt\u0131r. \u00d6zel fiyatlar\u0131m\u0131zdan ve kampanyalar\u0131m\u0131zdan haberdar olmak i\u00e7in bizi Facebook&#8216;tan takip edebilir, e-posta &hellip; <a href=\"http:\/\/insightkas.com\/tr\/fiyatlar\/\">Read More<\/a><\/p>\n","protected":false},"author":1,"featured_media":0,"parent":0,"menu_order":32,"comment_status":"closed","ping_status":"closed","template":"","meta":{"footnotes":""},"yoast_head":"<!-- This site is optimized with the Yoast SEO plugin v20.1 - https:\/\/yoast.com\/wordpress\/plugins\/seo\/ -->\n<title>Fiyatlar - InSight Ka\u015f<\/title>\n<meta name=\"robots\" content=\"index, follow, max-snippet:-1, max-image-preview:large, max-video-preview:-1\" \/>\n<link rel=\"canonical\" href=\"http:\/\/insightkas.com\/tr\/fiyatlar\/\" \/>\n<meta property=\"og:locale\" content=\"tr_TR\" \/>\n<meta property=\"og:type\" content=\"article\" \/>\n<meta property=\"og:title\" content=\"Fiyatlar - InSight Ka\u015f\" \/>\n<meta property=\"og:description\" content=\"Haftal\u0131k Fiyatlar (\u20ac) Liste fiyatlar\u0131 haftal\u0131k baz konaklama \u00fccretleridir, ekstralar\u0131, depozitolar\u0131 ve olas\u0131 indirimleri yans\u0131tmaz. 14 g\u00fcn ve \u00fczeri rezervasyonlarda% 5 indirim uygulanacak ve rezervasyon talep formuna yans\u0131t\u0131lacakt\u0131r. \u00d6zel fiyatlar\u0131m\u0131zdan ve kampanyalar\u0131m\u0131zdan haberdar olmak i\u00e7in bizi Facebook&#8216;tan takip edebilir, e-posta &hellip; Read More\" \/>\n<meta property=\"og:url\" content=\"http:\/\/insightkas.com\/tr\/fiyatlar\/\" \/>\n<meta property=\"og:site_name\" content=\"InSight Ka\u015f\" \/>\n<meta property=\"article:modified_time\" content=\"2022-02-24T19:58:45+00:00\" \/>\n<meta name=\"twitter:card\" content=\"summary_large_image\" \/>\n<meta name=\"twitter:label1\" content=\"Est. reading time\" \/>\n\t<meta name=\"twitter:data1\" content=\"1 minute\" \/>\n<script type=\"application\/ld+json\" class=\"yoast-schema-graph\">{\"@context\":\"https:\/\/schema.org\",\"@graph\":[{\"@type\":\"WebPage\",\"@id\":\"http:\/\/insightkas.com\/tr\/fiyatlar\/\",\"url\":\"http:\/\/insightkas.com\/tr\/fiyatlar\/\",\"name\":\"Fiyatlar - InSight Ka\u015f\",\"isPartOf\":{\"@id\":\"https:\/\/insightkas.com\/#website\"},\"datePublished\":\"2018-03-11T09:23:03+00:00\",\"dateModified\":\"2022-02-24T19:58:45+00:00\",\"breadcrumb\":{\"@id\":\"http:\/\/insightkas.com\/tr\/fiyatlar\/#breadcrumb\"},\"inLanguage\":\"tr\",\"potentialAction\":[{\"@type\":\"ReadAction\",\"target\":[\"http:\/\/insightkas.com\/tr\/fiyatlar\/\"]}]},{\"@type\":\"BreadcrumbList\",\"@id\":\"http:\/\/insightkas.com\/tr\/fiyatlar\/#breadcrumb\",\"itemListElement\":[{\"@type\":\"ListItem\",\"position\":1,\"name\":\"Home\",\"item\":\"https:\/\/insightkas.com\/tr\/\"},{\"@type\":\"ListItem\",\"position\":2,\"name\":\"Fiyatlar\"}]},{\"@type\":\"WebSite\",\"@id\":\"https:\/\/insightkas.com\/#website\",\"url\":\"https:\/\/insightkas.com\/\",\"name\":\"InSight Ka\u015f\",\"description\":\"Luxury Rental Villas in Kas\",\"potentialAction\":[{\"@type\":\"SearchAction\",\"target\":{\"@type\":\"EntryPoint\",\"urlTemplate\":\"https:\/\/insightkas.com\/?s={search_term_string}\"},\"query-input\":\"required name=search_term_string\"}],\"inLanguage\":\"tr\"}]}<\/script>\n<!-- \/ Yoast SEO plugin. -->","yoast_head_json":{"title":"Fiyatlar - InSight Ka\u015f","robots":{"index":"index","follow":"follow","max-snippet":"max-snippet:-1","max-image-preview":"max-image-preview:large","max-video-preview":"max-video-preview:-1"},"canonical":"http:\/\/insightkas.com\/tr\/fiyatlar\/","og_locale":"tr_TR","og_type":"article","og_title":"Fiyatlar - InSight Ka\u015f","og_description":"Haftal\u0131k Fiyatlar (\u20ac) Liste fiyatlar\u0131 haftal\u0131k baz konaklama \u00fccretleridir, ekstralar\u0131, depozitolar\u0131 ve olas\u0131 indirimleri yans\u0131tmaz. 14 g\u00fcn ve \u00fczeri rezervasyonlarda% 5 indirim uygulanacak ve rezervasyon talep formuna yans\u0131t\u0131lacakt\u0131r. \u00d6zel fiyatlar\u0131m\u0131zdan ve kampanyalar\u0131m\u0131zdan haberdar olmak i\u00e7in bizi Facebook&#8216;tan takip edebilir, e-posta &hellip; Read More","og_url":"http:\/\/insightkas.com\/tr\/fiyatlar\/","og_site_name":"InSight Ka\u015f","article_modified_time":"2022-02-24T19:58:45+00:00","twitter_card":"summary_large_image","twitter_misc":{"Est. reading time":"1 minute"},"schema":{"@context":"https:\/\/schema.org","@graph":[{"@type":"WebPage","@id":"http:\/\/insightkas.com\/tr\/fiyatlar\/","url":"http:\/\/insightkas.com\/tr\/fiyatlar\/","name":"Fiyatlar - InSight Ka\u015f","isPartOf":{"@id":"https:\/\/insightkas.com\/#website"},"datePublished":"2018-03-11T09:23:03+00:00","dateModified":"2022-02-24T19:58:45+00:00","breadcrumb":{"@id":"http:\/\/insightkas.com\/tr\/fiyatlar\/#breadcrumb"},"inLanguage":"tr","potentialAction":[{"@type":"ReadAction","target":["http:\/\/insightkas.com\/tr\/fiyatlar\/"]}]},{"@type":"BreadcrumbList","@id":"http:\/\/insightkas.com\/tr\/fiyatlar\/#breadcrumb","itemListElement":[{"@type":"ListItem","position":1,"name":"Home","item":"https:\/\/insightkas.com\/tr\/"},{"@type":"ListItem","position":2,"name":"Fiyatlar"}]},{"@type":"WebSite","@id":"https:\/\/insightkas.com\/#website","url":"https:\/\/insightkas.com\/","name":"InSight Ka\u015f","description":"Luxury Rental Villas in Kas","potentialAction":[{"@type":"SearchAction","target":{"@type":"EntryPoint","urlTemplate":"https:\/\/insightkas.com\/?s={search_term_string}"},"query-input":"required name=search_term_string"}],"inLanguage":"tr"}]}},"_links":{"self":[{"href":"https:\/\/insightkas.com\/tr\/wp-json\/wp\/v2\/pages\/3239"}],"collection":[{"href":"https:\/\/insightkas.com\/tr\/wp-json\/wp\/v2\/pages"}],"about":[{"href":"https:\/\/insightkas.com\/tr\/wp-json\/wp\/v2\/types\/page"}],"author":[{"embeddable":true,"href":"https:\/\/insightkas.com\/tr\/wp-json\/wp\/v2\/users\/1"}],"replies":[{"embeddable":true,"href":"https:\/\/insightkas.com\/tr\/wp-json\/wp\/v2\/comments?post=3239"}],"version-history":[{"count":2,"href":"https:\/\/insightkas.com\/tr\/wp-json\/wp\/v2\/pages\/3239\/revisions"}],"predecessor-version":[{"id":8092,"href":"https:\/\/insightkas.com\/tr\/wp-json\/wp\/v2\/pages\/3239\/revisions\/8092"}],"wp:attachment":[{"href":"https:\/\/insightkas.com\/tr\/wp-json\/wp\/v2\/media?parent=3239"}],"curies":[{"name":"wp","href":"https:\/\/api.w.org\/{rel}","templated":true}]}}